{"id":3,"date":"2022-02-24T17:21:23","date_gmt":"2022-02-24T17:21:23","guid":{"rendered":"http:\/\/myunicorn.rs\/?page_id=3"},"modified":"2022-05-18T13:17:30","modified_gmt":"2022-05-18T13:17:30","slug":"privacy-policy","status":"publish","type":"page","link":"https:\/\/myunicorn.rs\/en\/privacy-policy\/","title":{"rendered":"Cookie &amp; Privacy Policy"},"content":{"rendered":"<div data-elementor-type=\"wp-page\" data-elementor-id=\"3\" class=\"elementor elementor-3\">\n\t\t\t\t\t\t\t\t\t<section class=\"ob-is-breaking-bad elementor-section elementor-top-section elementor-element elementor-element-6364601 elementor-section-boxed elementor-section-height-default elementor-section-height-default\" data-id=\"6364601\" data-element_type=\"section\" data-settings=\"{&quot;_ob_bbad_use_it&quot;:&quot;yes&quot;,&quot;_ob_bbad_sssic_use&quot;:&quot;no&quot;,&quot;_ob_glider_is_slider&quot;:&quot;no&quot;}\">\n\t\t\t\t\t\t<div class=\"elementor-container elementor-column-gap-default\">\n\t\t\t\t\t<div class=\"elementor-column elementor-col-100 elementor-top-column elementor-element elementor-element-355d7ac8\" data-id=\"355d7ac8\" data-element_type=\"column\" data-settings=\"{&quot;_ob_bbad_is_stalker&quot;:&quot;no&quot;,&quot;_ob_teleporter_use&quot;:false,&quot;_ob_column_hoveranimator&quot;:&quot;no&quot;,&quot;_ob_column_has_pseudo&quot;:&quot;no&quot;}\">\n\t\t\t<div class=\"elementor-widget-wrap elementor-element-populated\">\n\t\t\t\t\t\t\t\t<div class=\"elementor-element elementor-element-2daf059 ob-harakiri-inherit ob-has-background-overlay elementor-widget elementor-widget-heading\" data-id=\"2daf059\" data-element_type=\"widget\" data-settings=\"{&quot;_ob_harakiri_writing_mode&quot;:&quot;inherit&quot;,&quot;_ob_perspektive_use&quot;:&quot;no&quot;,&quot;_ob_poopart_use&quot;:&quot;yes&quot;,&quot;_ob_shadough_use&quot;:&quot;no&quot;,&quot;_ob_allow_hoveranimator&quot;:&quot;no&quot;,&quot;_ob_widget_stalker_use&quot;:&quot;no&quot;}\" data-widget_type=\"heading.default\">\n\t\t\t\t<div class=\"elementor-widget-container\">\n\t\t\t<style>\/*! elementor - v3.6.5 - 27-04-2022 *\/\n.elementor-heading-title{padding:0;margin:0;line-height:1}.elementor-widget-heading .elementor-heading-title[class*=elementor-size-]>a{color:inherit;font-size:inherit;line-height:inherit}.elementor-widget-heading .elementor-heading-title.elementor-size-small{font-size:15px}.elementor-widget-heading .elementor-heading-title.elementor-size-medium{font-size:19px}.elementor-widget-heading .elementor-heading-title.elementor-size-large{font-size:29px}.elementor-widget-heading .elementor-heading-title.elementor-size-xl{font-size:39px}.elementor-widget-heading .elementor-heading-title.elementor-size-xxl{font-size:59px}<\/style><h2 class=\"elementor-heading-title elementor-size-default\">Cookie &amp; Privacy Policy<\/h2>\t\t<\/div>\n\t\t\t\t<\/div>\n\t\t\t\t<div class=\"elementor-element elementor-element-4b4699e ob-harakiri-inherit ob-has-background-overlay elementor-widget elementor-widget-text-editor\" data-id=\"4b4699e\" data-element_type=\"widget\" data-settings=\"{&quot;_ob_harakiri_writing_mode&quot;:&quot;inherit&quot;,&quot;_ob_perspektive_use&quot;:&quot;no&quot;,&quot;_ob_poopart_use&quot;:&quot;yes&quot;,&quot;_ob_shadough_use&quot;:&quot;no&quot;,&quot;_ob_allow_hoveranimator&quot;:&quot;no&quot;,&quot;_ob_widget_stalker_use&quot;:&quot;no&quot;}\" data-widget_type=\"text-editor.default\">\n\t\t\t\t<div class=\"elementor-widget-container\">\n\t\t\t<style>\/*! elementor - v3.6.5 - 27-04-2022 *\/\n.elementor-widget-text-editor.elementor-drop-cap-view-stacked .elementor-drop-cap{background-color:#818a91;color:#fff}.elementor-widget-text-editor.elementor-drop-cap-view-framed .elementor-drop-cap{color:#818a91;border:3px solid;background-color:transparent}.elementor-widget-text-editor:not(.elementor-drop-cap-view-default) .elementor-drop-cap{margin-top:8px}.elementor-widget-text-editor:not(.elementor-drop-cap-view-default) .elementor-drop-cap-letter{width:1em;height:1em}.elementor-widget-text-editor .elementor-drop-cap{float:left;text-align:center;line-height:1;font-size:50px}.elementor-widget-text-editor .elementor-drop-cap-letter{display:inline-block}<\/style>\t\t\t\t<p>Dragi posetioci myunicorn.rs veb-sajta,<\/p>\n<p>na ovoj stranici mo\u017eete pro\u010ditati na\u0161u politiku privatnosti koja se odnosi na prikupljanje, kori\u0161\u0107enje i \u010duvanje va\u0161ih li\u010dnih podataka.<\/p>\n<p>Va\u0161i li\u010dni podaci \u0107e biti obra\u0111ivani u skladu sa va\u017ee\u0107im Zakonom o za\u0161titi podataka o li\u010dnosti (\u201cSl. Glasnik RS\u201d br. 87\/2018). Uvid u prikupljene podatke imaju isklju\u010divo na\u0161a ovla\u0161\u0107ena zaposlena lica.<\/p>\n<p>Na\u0161a politika privatnosti je sklona izmenama i bi\u0107e a\u017eurirana na ovoj stranici shodno zakonskim regulativama.<\/p>\n<p>Obavezujemo se da \u0107emo \u010duvati va\u0161u privatnost i da \u0107emo se truditi da vam pru\u017eimo najbolje mogu\u0107e iskustvo kori\u0161\u0107enja myunicorn.rs veb-sajta.<\/p>\n<p>U nastavku, objasni\u0107emo na koje na\u010dine i u koju svrhu koristimo va\u0161e li\u010dne podatke. Davanjem svojih li\u010dnih podataka putem kontakt forme ili prijave za newsletter, smatra\u0107emo da ste saglasni sa na\u0161om Politikom privatnosti koja je ovde opisana.\u00a0<\/p>\n<h2>Na\u010din i svrha kori\u0161\u0107enja li\u010dnih podataka<\/h2>\n<p>Myunicorn.rs \u0107e zatra\u017eiti va\u0161e li\u010dne podatke isklju\u010divo u slede\u0107im situacijama:<\/p>\n<ol>\n<li aria-level=\"1\">odgovori na upite (kontakt forma \u0107e zatra\u017eiti va\u0161e ime i imejl adresu kako bismo mogli da vam odgovorimo na pitanje i ponudimo zatra\u017eene informacije);<\/li>\n<li aria-level=\"1\">slanje newsletter-a (forma za prijavljivanje na na\u0161 newsletter \u0107e zatra\u017eiti va\u0161e ime i imejl adresu kako bismo mogli da vas povremeno obave\u0161tavamo o novostima o na\u0161em poslovanju);<\/li>\n<li aria-level=\"1\">radi pripremanja va\u0161e narud\u017ebine koju se poslali putem na\u0161eg sajta.<\/li>\n<\/ol>\n<p>Ukoliko posetite myunicorn.rs, na\u0161 veb provajder \u0107e zabele\u017eiti slede\u0107e podatke:<\/p>\n<ul>\n<li aria-level=\"1\">IP adresu va\u0161eg ure\u0111aja sa kog ste pristupili na\u0161em sajtu;<\/li>\n<li aria-level=\"1\">Vrstu pretra\u017eiva\u010da koju ste koristili;<\/li>\n<li aria-level=\"1\">Ime domena;<\/li>\n<li aria-level=\"1\">Datum i vreme va\u0161e posete, kao i du\u017einu posete;<\/li>\n<li aria-level=\"1\">Adresu veb stranice koja vas je poslala na na\u0161 veb-sajt;<\/li>\n<li aria-level=\"1\">Stranice koje ste posetili na na\u0161em veb-sajtu.<\/li>\n<\/ul>\n<p>Ove podatke koristimo isklju\u010divo za statisti\u010dke analize o kori\u0161\u0107enju na\u0161eg veb-sajta od strane na\u0161ih posetilaca kako bismo pobolj\u0161ali na\u0161u onlajn prezentaciju.<\/p>\n<p>\u00a0<\/p>\n<h2>Za\u0161tita li\u010dnih podataka<\/h2>\n<p>Va\u0161i li\u010dni podaci su za\u0161ti\u0107eni od gubitka, neautorizovanih promena, nedozvoljenog pristupa i bilo koje vrste zloupotrebe.<\/p>\n<p>Na snazi su bezbednosne procedure koje spre\u010davaju neovla\u0161\u0107eni pristup va\u0161im li\u010dnim podacima.<\/p>\n<p>Maloletna lica mla\u0111a od 15 godina ne smeju da koriste na\u0161 veb-sajt. Myunicorn.rs ne prikuplja, niti zadr\u017eava li\u010dne podatke od lica mla\u0111eg od 15 godina. Ako roditelj, ro\u0111ak ili zakonski zastupnik maloletnog lica mla\u0111eg od 15 godina otkrije da je poslalo li\u010dne podatke bez njihove saglasnosti, obratite nam se putem e-mail-a, kako bismo te podatke izbrisali iz na\u0161eg sistema.<\/p>\n<p>\u00a0<\/p>\n<p>\u00a0<\/p>\n<h2>Politika kola\u010di\u0107a (cookies)<\/h2>\n<p>\u00a0<\/p>\n<p>Kola\u010di\u0107i (eng. cookies) su datoteke koje \u0107e biti postavljene na va\u0161 ure\u0111aj kada posetite na\u0161 veb-sajt. Njihova svrha je da pospe\u0161e funkcionisanje veb-sajta na va\u0161em ure\u0111aju, kao i radi analize kori\u0161\u0107enja na\u0161eg sajta i kako bismo personalizovali sadr\u017eaj i oglase, u cilju pru\u017eanja specifi\u010dnih tehni\u010dkih karakteristika i celokupnog pozitivnog korisni\u010dkog iskustva.<\/p>\n<p>Usled promena zakona, svi veb-sajtovi kao i na\u0161 moraju da dobiju va\u0161 pristanak za postavljanje kola\u010di\u0107a. Ukoliko se sla\u017eete sa na\u0161om politikom privatnosti, samim tim se sla\u017eete i sa na\u0161om politikom kola\u010di\u0107a.<\/p>\n<p>Prilikom va\u0161e posete, veb-sajt \u0107e zatra\u017eiti va\u0161u saglasnost za kori\u0161\u0107enje kola\u010di\u0107a putem prozora u dnu stranice. U svakom trenutku mo\u017eete da isklju\u010dite kola\u010di\u0107e koji nisu nu\u017eni te se oni ne\u0107e \u010duvati na va\u0161im ure\u0111ajima.\u00a0<\/p>\n<p>Postavke kola\u010di\u0107a se mogu kontrolisati i konfigurisati u va\u0161em internet pretra\u017eiva\u010du. Za informacije o postavkama kola\u010di\u0107a potrebno je odabrati opciju \u201cpomo\u0107\u201d na internet pretra\u017eiva\u010dima.<\/p>\n<p>Ako onemogu\u0107ite postavljanje kola\u010di\u0107a, mo\u017eda ne\u0107ete mo\u0107i da koristite odre\u0111ene funkcionalnosti na myunicorn.rs veb-sajtu. Myunicorn.rs veb-sajt mo\u017ee a\u017eurirati Politiku kola\u010di\u0107a u bilo kojem trenutku.<\/p>\n<p>Vi\u0161e se mo\u017eete informisati na slede\u0107im linkovima:<\/p>\n<p><span style=\"color: #000000;\"><a style=\"color: #000000;\" href=\"http:\/\/www.allaboutcookies.org\/\">http:\/\/www.allaboutcookies.org\/<\/a>\u00a0<\/span><\/p>\n<p><span style=\"color: #000000;\"><a style=\"color: #000000;\" href=\"http:\/\/www.youronlinechoices.eu\/\">http:\/\/www.youronlinechoices.eu\/<\/a> \u00a0<\/span><\/p>\t\t\t\t\t\t<\/div>\n\t\t\t\t<\/div>\n\t\t\t\t\t<\/div>\n\t\t<\/div>\n\t\t\t\t\t\t\t<\/div>\n\t\t<\/section>\n\t\t\t\t\t\t\t<\/div>","protected":false},"excerpt":{"rendered":"<p>Politika privatnosti i kola\u010di\u0107a Dragi posetioci myunicorn.rs veb-sajta, na ovoj stranici mo\u017eete pro\u010ditati na\u0161u politiku privatnosti koja se odnosi na prikupljanje, kori\u0161\u0107enje i \u010duvanje va\u0161ih li\u010dnih podataka. Va\u0161i li\u010dni podaci \u0107e biti obra\u0111ivani u skladu sa va\u017ee\u0107im Zakonom o za\u0161titi podataka o li\u010dnosti (\u201cSl. Glasnik RS\u201d br. 87\/2018). Uvid u prikupljene podatke imaju isklju\u010divo na\u0161a [&hellip;]<\/p>","protected":false},"author":1,"featured_media":0,"parent":0,"menu_order":0,"comment_status":"closed","ping_status":"closed","template":"elementor_header_footer","meta":[],"yoast_head":"<!-- This site is optimized with the Yoast SEO plugin v18.9 - https:\/\/yoast.com\/wordpress\/plugins\/seo\/ -->\n<title>Unicorn - Politika privatnosti i kola\u010di\u0107a<\/title>\n<meta name=\"description\" content=\"Unicorn post training gel za oporavak i masa\u017eu mi\u0161i\u0107a nakon treninga i Unicorn anti celullite gel za redukciju celulita i masnih naslaga.\" \/>\n<meta name=\"robots\" content=\"index, follow, max-snippet:-1, max-image-preview:large, max-video-preview:-1\" \/>\n<link rel=\"canonical\" href=\"https:\/\/myunicorn.rs\/en\/privacy-policy\/\" \/>\n<meta property=\"og:locale\" content=\"en_US\" \/>\n<meta property=\"og:type\" content=\"article\" \/>\n<meta property=\"og:title\" content=\"Unicorn - Politika privatnosti i kola\u010di\u0107a\" \/>\n<meta property=\"og:description\" content=\"Unicorn post training gel za oporavak i masa\u017eu mi\u0161i\u0107a nakon treninga i Unicorn anti celullite gel za redukciju celulita i masnih naslaga.\" \/>\n<meta property=\"og:url\" content=\"https:\/\/myunicorn.rs\/en\/privacy-policy\/\" \/>\n<meta property=\"og:site_name\" content=\"Unicorn\" \/>\n<meta property=\"article:publisher\" content=\"https:\/\/www.facebook.com\/myunicornrs-111058748182467\" \/>\n<meta property=\"article:modified_time\" content=\"2022-05-18T13:17:30+00:00\" \/>\n<meta name=\"twitter:card\" content=\"summary_large_image\" \/>\n<meta name=\"twitter:label1\" content=\"Est. reading time\" \/>\n\t<meta name=\"twitter:data1\" content=\"3 minutes\" \/>\n<script type=\"application\/ld+json\" class=\"yoast-schema-graph\">{\"@context\":\"https:\/\/schema.org\",\"@graph\":[{\"@type\":\"Organization\",\"@id\":\"https:\/\/myunicorn.rs\/#organization\",\"name\":\"Unicorn\",\"url\":\"https:\/\/myunicorn.rs\/\",\"sameAs\":[\"https:\/\/www.facebook.com\/myunicornrs-111058748182467\"],\"logo\":{\"@type\":\"ImageObject\",\"inLanguage\":\"en-US\",\"@id\":\"https:\/\/myunicorn.rs\/#\/schema\/logo\/image\/\",\"url\":\"https:\/\/myunicorn.rs\/wp-content\/uploads\/2022\/05\/Group.svg\",\"contentUrl\":\"https:\/\/myunicorn.rs\/wp-content\/uploads\/2022\/05\/Group.svg\",\"width\":183,\"height\":43,\"caption\":\"Unicorn\"},\"image\":{\"@id\":\"https:\/\/myunicorn.rs\/#\/schema\/logo\/image\/\"}},{\"@type\":\"WebSite\",\"@id\":\"https:\/\/myunicorn.rs\/#website\",\"url\":\"https:\/\/myunicorn.rs\/\",\"name\":\"Unicorn\",\"description\":\"\",\"publisher\":{\"@id\":\"https:\/\/myunicorn.rs\/#organization\"},\"potentialAction\":[{\"@type\":\"SearchAction\",\"target\":{\"@type\":\"EntryPoint\",\"urlTemplate\":\"https:\/\/myunicorn.rs\/?s={search_term_string}\"},\"query-input\":\"required name=search_term_string\"}],\"inLanguage\":\"en-US\"},{\"@type\":\"WebPage\",\"@id\":\"https:\/\/myunicorn.rs\/privacy-policy\/#webpage\",\"url\":\"https:\/\/myunicorn.rs\/privacy-policy\/\",\"name\":\"Unicorn - Politika privatnosti i kola\u010di\u0107a\",\"isPartOf\":{\"@id\":\"https:\/\/myunicorn.rs\/#website\"},\"datePublished\":\"2022-02-24T17:21:23+00:00\",\"dateModified\":\"2022-05-18T13:17:30+00:00\",\"description\":\"Unicorn post training gel za oporavak i masa\u017eu mi\u0161i\u0107a nakon treninga i Unicorn anti celullite gel za redukciju celulita i masnih naslaga.\",\"breadcrumb\":{\"@id\":\"https:\/\/myunicorn.rs\/privacy-policy\/#breadcrumb\"},\"inLanguage\":\"en-US\",\"potentialAction\":[{\"@type\":\"ReadAction\",\"target\":[\"https:\/\/myunicorn.rs\/privacy-policy\/\"]}]},{\"@type\":\"BreadcrumbList\",\"@id\":\"https:\/\/myunicorn.rs\/privacy-policy\/#breadcrumb\",\"itemListElement\":[{\"@type\":\"ListItem\",\"position\":1,\"name\":\"Home\",\"item\":\"https:\/\/myunicorn.rs\/\"},{\"@type\":\"ListItem\",\"position\":2,\"name\":\"Politika privatnosti i kola\u010di\u0107a\"}]}]}<\/script>\n<!-- \/ Yoast SEO plugin. -->","yoast_head_json":{"title":"Unicorn - Politika privatnosti i kola\u010di\u0107a","description":"Unicorn post training gel za oporavak i masa\u017eu mi\u0161i\u0107a nakon treninga i Unicorn anti celullite gel za redukciju celulita i masnih naslaga.","robots":{"index":"index","follow":"follow","max-snippet":"max-snippet:-1","max-image-preview":"max-image-preview:large","max-video-preview":"max-video-preview:-1"},"canonical":"https:\/\/myunicorn.rs\/en\/privacy-policy\/","og_locale":"en_US","og_type":"article","og_title":"Unicorn - Politika privatnosti i kola\u010di\u0107a","og_description":"Unicorn post training gel za oporavak i masa\u017eu mi\u0161i\u0107a nakon treninga i Unicorn anti celullite gel za redukciju celulita i masnih naslaga.","og_url":"https:\/\/myunicorn.rs\/en\/privacy-policy\/","og_site_name":"Unicorn","article_publisher":"https:\/\/www.facebook.com\/myunicornrs-111058748182467","article_modified_time":"2022-05-18T13:17:30+00:00","twitter_card":"summary_large_image","twitter_misc":{"Est. reading time":"3 minutes"},"schema":{"@context":"https:\/\/schema.org","@graph":[{"@type":"Organization","@id":"https:\/\/myunicorn.rs\/#organization","name":"Unicorn","url":"https:\/\/myunicorn.rs\/","sameAs":["https:\/\/www.facebook.com\/myunicornrs-111058748182467"],"logo":{"@type":"ImageObject","inLanguage":"en-US","@id":"https:\/\/myunicorn.rs\/#\/schema\/logo\/image\/","url":"https:\/\/myunicorn.rs\/wp-content\/uploads\/2022\/05\/Group.svg","contentUrl":"https:\/\/myunicorn.rs\/wp-content\/uploads\/2022\/05\/Group.svg","width":183,"height":43,"caption":"Unicorn"},"image":{"@id":"https:\/\/myunicorn.rs\/#\/schema\/logo\/image\/"}},{"@type":"WebSite","@id":"https:\/\/myunicorn.rs\/#website","url":"https:\/\/myunicorn.rs\/","name":"Unicorn","description":"","publisher":{"@id":"https:\/\/myunicorn.rs\/#organization"},"potentialAction":[{"@type":"SearchAction","target":{"@type":"EntryPoint","urlTemplate":"https:\/\/myunicorn.rs\/?s={search_term_string}"},"query-input":"required name=search_term_string"}],"inLanguage":"en-US"},{"@type":"WebPage","@id":"https:\/\/myunicorn.rs\/privacy-policy\/#webpage","url":"https:\/\/myunicorn.rs\/privacy-policy\/","name":"Unicorn - Politika privatnosti i kola\u010di\u0107a","isPartOf":{"@id":"https:\/\/myunicorn.rs\/#website"},"datePublished":"2022-02-24T17:21:23+00:00","dateModified":"2022-05-18T13:17:30+00:00","description":"Unicorn post training gel za oporavak i masa\u017eu mi\u0161i\u0107a nakon treninga i Unicorn anti celullite gel za redukciju celulita i masnih naslaga.","breadcrumb":{"@id":"https:\/\/myunicorn.rs\/privacy-policy\/#breadcrumb"},"inLanguage":"en-US","potentialAction":[{"@type":"ReadAction","target":["https:\/\/myunicorn.rs\/privacy-policy\/"]}]},{"@type":"BreadcrumbList","@id":"https:\/\/myunicorn.rs\/privacy-policy\/#breadcrumb","itemListElement":[{"@type":"ListItem","position":1,"name":"Home","item":"https:\/\/myunicorn.rs\/"},{"@type":"ListItem","position":2,"name":"Politika privatnosti i kola\u010di\u0107a"}]}]}},"_links":{"self":[{"href":"https:\/\/myunicorn.rs\/en\/wp-json\/wp\/v2\/pages\/3"}],"collection":[{"href":"https:\/\/myunicorn.rs\/en\/wp-json\/wp\/v2\/pages"}],"about":[{"href":"https:\/\/myunicorn.rs\/en\/wp-json\/wp\/v2\/types\/page"}],"author":[{"embeddable":true,"href":"https:\/\/myunicorn.rs\/en\/wp-json\/wp\/v2\/users\/1"}],"replies":[{"embeddable":true,"href":"https:\/\/myunicorn.rs\/en\/wp-json\/wp\/v2\/comments?post=3"}],"version-history":[{"count":8,"href":"https:\/\/myunicorn.rs\/en\/wp-json\/wp\/v2\/pages\/3\/revisions"}],"predecessor-version":[{"id":706,"href":"https:\/\/myunicorn.rs\/en\/wp-json\/wp\/v2\/pages\/3\/revisions\/706"}],"wp:attachment":[{"href":"https:\/\/myunicorn.rs\/en\/wp-json\/wp\/v2\/media?parent=3"}],"curies":[{"name":"wp","href":"https:\/\/api.w.org\/{rel}","templated":true}]}}